{"id":10070,"date":"2015-02-09T14:44:54","date_gmt":"2015-02-09T14:44:54","guid":{"rendered":"http:\/\/www.germanmasterclasses.com\/?page_id=10070"},"modified":"2023-03-13T09:32:24","modified_gmt":"2023-03-13T09:32:24","slug":"horn-accommodation-and-board","status":"publish","type":"page","link":"https:\/\/www.germanmasterclasses.com\/en\/masterclass-french-horn\/horn-accommodation-and-board\/","title":{"rendered":"Accommodation and board"},"content":{"rendered":"<div class=\"wpb-content-wrapper\"><p>[vc_row][vc_column][vc_widget_sidebar sidebar_id=&#8221;eye-horn-top&#8221;][\/vc_column][\/vc_row][vc_row][vc_column width=&#8221;1\/4&#8243;][vc_widget_sidebar sidebar_id=&#8221;eye-horn-side&#8221;][\/vc_column][vc_column width=&#8221;3\/4&#8243;][vc_row_inner][vc_column_inner width=&#8221;1\/2&#8243;][vc_custom_heading text=&#8221;Accommodation and Board&#8221; google_fonts=&#8221;font_family:Raleway%3A100%2C200%2C300%2Cregular%2C500%2C600%2C700%2C800%2C900|font_style:500%20bold%20regular%3A500%3Anormal&#8221;][vc_column_text]The Norddeutsche Horntage offers course participants the possibility to stay at the Youth Guest House in Wolfenb\u00fcttel. This Youth Guest House was rebuilt in 2009 in collaboration with the Landesakademie. The advantage of staying at the Youth Guest House is that it is but a skip and a jump from the Landesakademie, which lies adjacent to the guest house. The guest house offers 45 modern rooms with 1 to 4 beds. All rooms have their own attached bathroom. In addition, there are group and leisure rooms with internet. The beautiful, historic city centre of Wolfenb\u00fcttel is but a 5 minute walk away.<\/p>\n<p>Three meals are offered throughout the day:\u00a0Breakfast, hot lunch, and dinner.<\/p>\n<p><strong>Accommodation fees during the master class week are as follows:<\/strong><\/p>\n<p>Multiple-bed rooms with full board (breakfast, hot lunch, and dinner) will cost 200,- EUR (5 overnight stays including bed linen).\u00a0Participants are of course at their leisure to arrange their own accommodation.<\/p>\n<p>It is also possible to book meals without staying at the Youth Guest House. The price for this is 15 Euros a day (lunch and evening dinner). Vegetarian food and food for participants with a food allergy is available upon request (please indicate this on the registration form).<\/p>\n<p>Additional information regarding the Youth Guest House may be found here:\u00a0<a href=\"http:\/\/www.jgh-wolfenbuettel.de\/\">www.jgh-wolfenbuettel.de<\/a><\/p>\n<p>Wolfenb\u00fcttel has his own railway station. More information can be found on\u00a0<a href=\"http:\/\/www.db.de\/\">www.db.de<\/a>. The nearest airports are Hannover and\u00a0Berlin. It\u2019s possible to park your car next to the academy.[\/vc_column_text][\/vc_column_inner][vc_column_inner width=&#8221;1\/2&#8243;][vc_single_image image=&#8221;10035&#8243; img_size=&#8221;large&#8221;][\/vc_column_inner][\/vc_row_inner][vc_separator style=&#8221;dashed&#8221;][vc_column_text]<\/p>\n<p class=\"p1\"><span class=\"s1\">The number of participants is limited. Participants will be selected from the applications that have been submitted on time.<\/span><\/p>\n<p class=\"p1\"><span class=\"s1\"><b>The deadline of registration is the 15th of January 2023.<br \/>\n<\/b><\/span><\/p>\n<p>[\/vc_column_text][vc_column_text]<\/p>\n<a href=\"\/en\/masterclass-french-horn\/horn-registration\/\" class=\"btn btn-default btn-color-primary skin-dark\" target=\"_self\">Registration<\/a>\n<p>[\/vc_column_text][vc_separator style=&#8221;dashed&#8221;][vc_row_inner content_placement=&#8221;middle&#8221; css=&#8221;.vc_custom_1678181628295{margin-bottom: 0px !important;}&#8221; el_class=&#8221;no-mb&#8221;][vc_column_inner width=&#8221;1\/3&#8243;][vc_single_image image=&#8221;11763&#8243; img_size=&#8221;full&#8221; onclick=&#8221;custom_link&#8221; img_link_target=&#8221;_blank&#8221; link=&#8221;https:\/\/www.die-braunschweigische.de\/&#8221; el_class=&#8221;logo-margin&#8221;][\/vc_column_inner][vc_column_inner width=&#8221;1\/3&#8243;][vc_single_image image=&#8221;11798&#8243; img_size=&#8221;full&#8221; onclick=&#8221;custom_link&#8221; img_link_target=&#8221;_blank&#8221; link=&#8221;http:\/\/www.braunschweigische-sparkassenstiftung.de\/&#8221; el_class=&#8221;logo-margin&#8221;][\/vc_column_inner][vc_column_inner width=&#8221;1\/3&#8243;][vc_single_image image=&#8221;11747&#8243; img_size=&#8221;full&#8221; onclick=&#8221;custom_link&#8221; img_link_target=&#8221;_blank&#8221; link=&#8221;https:\/\/www.nsks.de\/&#8221; el_class=&#8221;logo-margin&#8221;][\/vc_column_inner][\/vc_row_inner][vc_column_text]<\/p>\n<p style=\"text-align: center;\">Die Norddeutschen Horntage 2023 werden durch die Nieders\u00e4chsische Sparkassenstiftung und Die Braunschweigische Stiftung erm\u00f6glicht. Wir danken herzlich f\u00fcr die gro\u00dfz\u00fcgige F\u00f6rderung unserer verl\u00e4sslichen Partner!<\/p>\n<p>[\/vc_column_text][\/vc_column][\/vc_row]<\/p>\n<\/div>","protected":false},"excerpt":{"rendered":"<p>[vc_row][vc_column][vc_widget_sidebar sidebar_id=&#8221;eye-horn-top&#8221;][\/vc_column][\/vc_row][vc_row][vc_column width=&#8221;1\/4&#8243;][vc_widget_sidebar sidebar_id=&#8221;eye-horn-side&#8221;][\/vc_column][vc_column width=&#8221;3\/4&#8243;][vc_row_inner][vc_column_inner width=&#8221;1\/2&#8243;][vc_custom_heading text=&#8221;Accommodation and Board&#8221; google_fonts=&#8221;font_family:Raleway%3A100%2C200%2C300%2Cregular%2C500%2C600%2C700%2C800%2C900|font_style:500%20bold%20regular%3A500%3Anormal&#8221;][vc_column_text]The Norddeutsche Horntage offers course participants the possibility to stay at the Youth Guest House in Wolfenb\u00fcttel. This Youth Guest House was rebuilt in 2009 in collaboration with the Landesakademie. The advantage of staying at the Youth Guest House is that it is but a skip&hellip;<\/p>\n","protected":false},"author":1,"featured_media":0,"parent":10053,"menu_order":0,"comment_status":"closed","ping_status":"closed","template":"","meta":{"footnotes":""},"class_list":["post-10070","page","type-page","status-publish","hentry"],"_links":{"self":[{"href":"https:\/\/www.germanmasterclasses.com\/en\/wp-json\/wp\/v2\/pages\/10070","targetHints":{"allow":["GET"]}}],"collection":[{"href":"https:\/\/www.germanmasterclasses.com\/en\/wp-json\/wp\/v2\/pages"}],"about":[{"href":"https:\/\/www.germanmasterclasses.com\/en\/wp-json\/wp\/v2\/types\/page"}],"author":[{"embeddable":true,"href":"https:\/\/www.germanmasterclasses.com\/en\/wp-json\/wp\/v2\/users\/1"}],"replies":[{"embeddable":true,"href":"https:\/\/www.germanmasterclasses.com\/en\/wp-json\/wp\/v2\/comments?post=10070"}],"version-history":[{"count":31,"href":"https:\/\/www.germanmasterclasses.com\/en\/wp-json\/wp\/v2\/pages\/10070\/revisions"}],"predecessor-version":[{"id":11808,"href":"https:\/\/www.germanmasterclasses.com\/en\/wp-json\/wp\/v2\/pages\/10070\/revisions\/11808"}],"up":[{"embeddable":true,"href":"https:\/\/www.germanmasterclasses.com\/en\/wp-json\/wp\/v2\/pages\/10053"}],"wp:attachment":[{"href":"https:\/\/www.germanmasterclasses.com\/en\/wp-json\/wp\/v2\/media?parent=10070"}],"curies":[{"name":"wp","href":"https:\/\/api.w.org\/{rel}","templated":true}]}}