{"id":10076,"date":"2015-02-09T14:58:06","date_gmt":"2015-02-09T14:58:06","guid":{"rendered":"http:\/\/www.germanmasterclasses.com\/?page_id=10076"},"modified":"2023-03-13T09:36:09","modified_gmt":"2023-03-13T09:36:09","slug":"horn-terms-and-conditions","status":"publish","type":"page","link":"https:\/\/www.germanmasterclasses.com\/en\/masterclass-french-horn\/horn-terms-and-conditions\/","title":{"rendered":"Terms and Conditions"},"content":{"rendered":"<div class=\"wpb-content-wrapper\"><p>[vc_row][vc_column][vc_widget_sidebar sidebar_id=&#8221;eye-horn-top&#8221;][\/vc_column][\/vc_row][vc_row][vc_column width=&#8221;1\/4&#8243;][vc_widget_sidebar sidebar_id=&#8221;eye-horn-side&#8221;][\/vc_column][vc_column width=&#8221;3\/4&#8243;][vc_custom_heading text=&#8221;General Terms and Conditions Norddeutsche Horntage 2023&#8243; google_fonts=&#8221;font_family:Raleway%3A100%2C200%2C300%2Cregular%2C500%2C600%2C700%2C800%2C900|font_style:500%20bold%20regular%3A500%3Anormal&#8221;][vc_column_text]<strong>Dates<br \/>\n<\/strong>The Norddeutsche Horntage will commence on 20th of March 2023 at 9.00 am. The arrival will be at 19th of March\u00a02023. There will be no lessons on this date. The course will end on the 23rd of March at 22.00H.<strong>\u00a0<\/strong><\/p>\n<p><strong>Admittance<br \/>\n<\/strong>The number of participants is limited. Active participants must be aged between 16 and 35. Exceptions to this rule will be considered on a case-by-case basis by the organizers of the master classes. There is no age limit for guest student participants. Once all applications have been received (10th of January 2023 deadline), admission of participants will be considered. An admission spot cannot be transferred to another person. There can be asked for a CV or recording.<\/p>\n<p><strong>Fees<br \/>\n<\/strong>The course fee is 320 EUR. Payment by credit card will cost 5 EUR extra.<\/p>\n<p>A registration fee can only be reimbursed if the organizers are forced to cancel the master class.<\/p>\n<p>Reimbursement of 50% of this fee is only possible if the participant cancels his\/her participation by the 1st of March 2023. After this date, participation fees will, without any exception, \u00a0not be reimbursed. Reimbursement of course fees at the end of the course is not possible. Participants will receive a receipt after paying the course fee\/overnight stay.<\/p>\n<p>Exclusion from course participation due to tardiness, inadmissible behaviour, domiciliary rights. The organizers reserve the right to exclude a participant from participating in the master class, if he\/she due to excessive tardiness reduces his\/her participation to such a degree that a certificate of participation no longer can be justified. The organizers reserve the right to exclude a participant from participating in the courses, if he\/she commits a crime during the course (e.g. theft), or if he\/she, in spite of a warning, commits another offense that compromises the proper execution of the master class. The organizers reserve the right to apply domiciliary rights at any point in time during the course. If a participant is excluded from a master class, the course fees will not be reimbursed.<\/p>\n<p><strong>Liability for Course Participants\u2019 Property<br \/>\n<\/strong>The organizers are not liable for the course participants\u2019 valuables and clothes.<strong>\u00a0<\/strong><\/p>\n<p><strong>Damage to Course Participants\u2019 Property<br \/>\n<\/strong>The organizers are not liable for damage incurred to course participants\u2019 property (e.g. spectacles, cellular phones). Each participant must have his\/her own instrument and liability insurance.<\/p>\n<p><strong>Practice Rooms<br \/>\n<\/strong>Practice rooms are available.<\/p>\n<p><strong>Overnight Stay<br \/>\n<\/strong>The course participants are put up in the Youth Guest House in Wolfenb\u00fcttel. An overnight stay at the Youth Guest House includes full board (breakfast, lunch, dinner) and costs 200 Euros for five nights (Full Board). The participants will stay in rooms with 2-4 beds. The rooms are gender-segregated. Each participant will receive his\/her own room key. There is a lost key fee of 70 Euros.<\/p>\n<p><strong>Private Lessons<br \/>\n<\/strong>Each participant will receive at least four (4) private lessons from different teachers. The organizers will do their best to accommodate all lesson requests. However, it can be possible that not every request can be answered. In addition there will be audition training, accompaniment, recital participation, etc. The organization has the right to select participants by CV or \u00a0recording.<\/p>\n<p><strong>Course Venue<br \/>\n<\/strong>The organizers reserve the right to relocate the course within a suitable distance in case of unforeseen incidences (e.g. fire in the training rooms).<\/p>\n<p><strong>Video<br \/>\n<\/strong>The participant accepts, that the organisation makes film and sound recordings, and can use this for a video. If the participant doesn\u2019t want this, he or she has to contact the staff. The organisation will ask permission to the participant, before filming individual lessons.[\/vc_column_text][vc_separator style=&#8221;dashed&#8221;][vc_column_text]The number of participants is limited. Participants will be selected from the applications that have been submitted on time.<\/p>\n<p><strong>The deadline of registration is the 15th of January 2023.<\/strong>[\/vc_column_text][vc_column_text]<\/p>\n<a href=\"\/en\/masterclass-french-horn\/horn-registration\/\" class=\"btn btn-default btn-color-primary skin-dark\" target=\"_self\">Registration<\/a>\n<p>[\/vc_column_text][vc_separator style=&#8221;dashed&#8221;][vc_row_inner content_placement=&#8221;middle&#8221; css=&#8221;.vc_custom_1678181628295{margin-bottom: 0px !important;}&#8221; el_class=&#8221;no-mb&#8221;][vc_column_inner width=&#8221;1\/3&#8243;][vc_single_image image=&#8221;11763&#8243; img_size=&#8221;full&#8221; onclick=&#8221;custom_link&#8221; img_link_target=&#8221;_blank&#8221; link=&#8221;https:\/\/www.die-braunschweigische.de\/&#8221; el_class=&#8221;logo-margin&#8221;][\/vc_column_inner][vc_column_inner width=&#8221;1\/3&#8243;][vc_single_image image=&#8221;11798&#8243; img_size=&#8221;full&#8221; onclick=&#8221;custom_link&#8221; img_link_target=&#8221;_blank&#8221; link=&#8221;http:\/\/www.braunschweigische-sparkassenstiftung.de\/&#8221; el_class=&#8221;logo-margin&#8221;][\/vc_column_inner][vc_column_inner width=&#8221;1\/3&#8243;][vc_single_image image=&#8221;11747&#8243; img_size=&#8221;full&#8221; onclick=&#8221;custom_link&#8221; img_link_target=&#8221;_blank&#8221; link=&#8221;https:\/\/www.nsks.de\/&#8221; el_class=&#8221;logo-margin&#8221;][\/vc_column_inner][\/vc_row_inner][vc_column_text]<\/p>\n<p style=\"text-align: center;\">Die Norddeutschen Horntage 2023 werden durch die Nieders\u00e4chsische Sparkassenstiftung und Die Braunschweigische Stiftung erm\u00f6glicht. Wir danken herzlich f\u00fcr die gro\u00dfz\u00fcgige F\u00f6rderung unserer verl\u00e4sslichen Partner!<\/p>\n<p>[\/vc_column_text][\/vc_column][\/vc_row]<\/p>\n<\/div>","protected":false},"excerpt":{"rendered":"<p>[vc_row][vc_column][vc_widget_sidebar sidebar_id=&#8221;eye-horn-top&#8221;][\/vc_column][\/vc_row][vc_row][vc_column width=&#8221;1\/4&#8243;][vc_widget_sidebar sidebar_id=&#8221;eye-horn-side&#8221;][\/vc_column][vc_column width=&#8221;3\/4&#8243;][vc_custom_heading text=&#8221;General Terms and Conditions Norddeutsche Horntage 2023&#8243; google_fonts=&#8221;font_family:Raleway%3A100%2C200%2C300%2Cregular%2C500%2C600%2C700%2C800%2C900|font_style:500%20bold%20regular%3A500%3Anormal&#8221;][vc_column_text]Dates The Norddeutsche Horntage will commence on 20th of March 2023 at 9.00 am. The arrival will be at 19th of March\u00a02023. There will be no lessons on this date. The course will end on the 23rd of March at 22.00H.\u00a0 Admittance The&hellip;<\/p>\n","protected":false},"author":1,"featured_media":0,"parent":10053,"menu_order":0,"comment_status":"closed","ping_status":"closed","template":"","meta":{"footnotes":""},"class_list":["post-10076","page","type-page","status-publish","hentry"],"_links":{"self":[{"href":"https:\/\/www.germanmasterclasses.com\/en\/wp-json\/wp\/v2\/pages\/10076","targetHints":{"allow":["GET"]}}],"collection":[{"href":"https:\/\/www.germanmasterclasses.com\/en\/wp-json\/wp\/v2\/pages"}],"about":[{"href":"https:\/\/www.germanmasterclasses.com\/en\/wp-json\/wp\/v2\/types\/page"}],"author":[{"embeddable":true,"href":"https:\/\/www.germanmasterclasses.com\/en\/wp-json\/wp\/v2\/users\/1"}],"replies":[{"embeddable":true,"href":"https:\/\/www.germanmasterclasses.com\/en\/wp-json\/wp\/v2\/comments?post=10076"}],"version-history":[{"count":21,"href":"https:\/\/www.germanmasterclasses.com\/en\/wp-json\/wp\/v2\/pages\/10076\/revisions"}],"predecessor-version":[{"id":11811,"href":"https:\/\/www.germanmasterclasses.com\/en\/wp-json\/wp\/v2\/pages\/10076\/revisions\/11811"}],"up":[{"embeddable":true,"href":"https:\/\/www.germanmasterclasses.com\/en\/wp-json\/wp\/v2\/pages\/10053"}],"wp:attachment":[{"href":"https:\/\/www.germanmasterclasses.com\/en\/wp-json\/wp\/v2\/media?parent=10076"}],"curies":[{"name":"wp","href":"https:\/\/api.w.org\/{rel}","templated":true}]}}