{"id":10129,"date":"2015-02-10T14:48:24","date_gmt":"2015-02-10T14:48:24","guid":{"rendered":"http:\/\/www.germanmasterclasses.com\/?page_id=10129"},"modified":"2023-03-13T09:41:59","modified_gmt":"2023-03-13T09:41:59","slug":"horn-registration","status":"publish","type":"page","link":"https:\/\/www.germanmasterclasses.com\/en\/masterclass-french-horn\/horn-registration\/","title":{"rendered":"Registration"},"content":{"rendered":"<div class=\"wpb-content-wrapper\"><p>[vc_row][vc_column][vc_widget_sidebar sidebar_id=&#8221;eye-horn-top&#8221;][\/vc_column][\/vc_row][vc_row][vc_column width=&#8221;1\/4&#8243;][vc_widget_sidebar sidebar_id=&#8221;eye-horn-side&#8221;][\/vc_column][vc_column width=&#8221;3\/4&#8243;][vc_column_text]This years masterclass is fully booked. To apply for our waiting list, please write an<br \/>\nE-mail to: <a href=\"mailto:info@germanmasterclasses.com\">info@germanmasterclasses.com<\/a>[\/vc_column_text][vc_separator style=&#8221;dashed&#8221;][vc_row_inner content_placement=&#8221;middle&#8221; css=&#8221;.vc_custom_1678181628295{margin-bottom: 0px !important;}&#8221; el_class=&#8221;no-mb&#8221;][vc_column_inner width=&#8221;1\/3&#8243;][vc_single_image image=&#8221;11763&#8243; img_size=&#8221;full&#8221; onclick=&#8221;custom_link&#8221; img_link_target=&#8221;_blank&#8221; link=&#8221;https:\/\/www.die-braunschweigische.de\/&#8221; el_class=&#8221;logo-margin&#8221;][\/vc_column_inner][vc_column_inner width=&#8221;1\/3&#8243;][vc_single_image image=&#8221;11798&#8243; img_size=&#8221;full&#8221; onclick=&#8221;custom_link&#8221; img_link_target=&#8221;_blank&#8221; link=&#8221;http:\/\/www.braunschweigische-sparkassenstiftung.de\/&#8221; el_class=&#8221;logo-margin&#8221;][\/vc_column_inner][vc_column_inner width=&#8221;1\/3&#8243;][vc_single_image image=&#8221;11747&#8243; img_size=&#8221;full&#8221; onclick=&#8221;custom_link&#8221; img_link_target=&#8221;_blank&#8221; link=&#8221;https:\/\/www.nsks.de\/&#8221; el_class=&#8221;logo-margin&#8221;][\/vc_column_inner][\/vc_row_inner][vc_column_text]<\/p>\n<p style=\"text-align: center;\">Die Norddeutschen Horntage 2023 werden durch die Nieders\u00e4chsische Sparkassenstiftung und Die Braunschweigische Stiftung erm\u00f6glicht. Wir danken herzlich f\u00fcr die gro\u00dfz\u00fcgige F\u00f6rderung unserer verl\u00e4sslichen Partner!<\/p>\n<p>[\/vc_column_text][\/vc_column][\/vc_row]<\/p>\n<\/div>","protected":false},"excerpt":{"rendered":"<p>[vc_row][vc_column][vc_widget_sidebar sidebar_id=&#8221;eye-horn-top&#8221;][\/vc_column][\/vc_row][vc_row][vc_column width=&#8221;1\/4&#8243;][vc_widget_sidebar sidebar_id=&#8221;eye-horn-side&#8221;][\/vc_column][vc_column width=&#8221;3\/4&#8243;][vc_column_text]This years masterclass is fully booked. To apply for our waiting list, please write an E-mail to: info@germanmasterclasses.com[\/vc_column_text][vc_separator style=&#8221;dashed&#8221;][vc_row_inner content_placement=&#8221;middle&#8221; css=&#8221;.vc_custom_1678181628295{margin-bottom: 0px !important;}&#8221; el_class=&#8221;no-mb&#8221;][vc_column_inner width=&#8221;1\/3&#8243;][vc_single_image image=&#8221;11763&#8243; img_size=&#8221;full&#8221; onclick=&#8221;custom_link&#8221; img_link_target=&#8221;_blank&#8221; link=&#8221;https:\/\/www.die-braunschweigische.de\/&#8221; el_class=&#8221;logo-margin&#8221;][\/vc_column_inner][vc_column_inner width=&#8221;1\/3&#8243;][vc_single_image image=&#8221;11798&#8243; img_size=&#8221;full&#8221; onclick=&#8221;custom_link&#8221; img_link_target=&#8221;_blank&#8221; link=&#8221;http:\/\/www.braunschweigische-sparkassenstiftung.de\/&#8221; el_class=&#8221;logo-margin&#8221;][\/vc_column_inner][vc_column_inner width=&#8221;1\/3&#8243;][vc_single_image image=&#8221;11747&#8243; img_size=&#8221;full&#8221; onclick=&#8221;custom_link&#8221; img_link_target=&#8221;_blank&#8221; link=&#8221;https:\/\/www.nsks.de\/&#8221; el_class=&#8221;logo-margin&#8221;][\/vc_column_inner][\/vc_row_inner][vc_column_text] Die Norddeutschen Horntage 2023 werden durch&hellip;<\/p>\n","protected":false},"author":1,"featured_media":0,"parent":10053,"menu_order":0,"comment_status":"closed","ping_status":"closed","template":"","meta":{"footnotes":""},"class_list":["post-10129","page","type-page","status-publish","hentry"],"_links":{"self":[{"href":"https:\/\/www.germanmasterclasses.com\/en\/wp-json\/wp\/v2\/pages\/10129","targetHints":{"allow":["GET"]}}],"collection":[{"href":"https:\/\/www.germanmasterclasses.com\/en\/wp-json\/wp\/v2\/pages"}],"about":[{"href":"https:\/\/www.germanmasterclasses.com\/en\/wp-json\/wp\/v2\/types\/page"}],"author":[{"embeddable":true,"href":"https:\/\/www.germanmasterclasses.com\/en\/wp-json\/wp\/v2\/users\/1"}],"replies":[{"embeddable":true,"href":"https:\/\/www.germanmasterclasses.com\/en\/wp-json\/wp\/v2\/comments?post=10129"}],"version-history":[{"count":19,"href":"https:\/\/www.germanmasterclasses.com\/en\/wp-json\/wp\/v2\/pages\/10129\/revisions"}],"predecessor-version":[{"id":11812,"href":"https:\/\/www.germanmasterclasses.com\/en\/wp-json\/wp\/v2\/pages\/10129\/revisions\/11812"}],"up":[{"embeddable":true,"href":"https:\/\/www.germanmasterclasses.com\/en\/wp-json\/wp\/v2\/pages\/10053"}],"wp:attachment":[{"href":"https:\/\/www.germanmasterclasses.com\/en\/wp-json\/wp\/v2\/media?parent=10129"}],"curies":[{"name":"wp","href":"https:\/\/api.w.org\/{rel}","templated":true}]}}