{"id":10433,"date":"2015-02-15T13:38:21","date_gmt":"2015-02-15T13:38:21","guid":{"rendered":"http:\/\/www.germanmasterclasses.com\/?page_id=10433"},"modified":"2022-07-14T07:23:32","modified_gmt":"2022-07-14T07:23:32","slug":"obo-teachers","status":"publish","type":"page","link":"https:\/\/www.germanmasterclasses.com\/en\/masterclass-oboe-en\/obo-teachers\/","title":{"rendered":"Teachers"},"content":{"rendered":"<div class=\"wpb-content-wrapper\"><p>[vc_row][vc_column][vc_widget_sidebar sidebar_id=&#8221;eye-oboe-top&#8221;][\/vc_column][\/vc_row][vc_row][vc_column width=&#8221;1\/4&#8243;][vc_widget_sidebar sidebar_id=&#8221;eye-oboe-side&#8221;][\/vc_column][vc_column width=&#8221;3\/4&#8243;][vc_message color=&#8221;warning&#8221; message_box_color=&#8221;warning&#8221; icon_fontawesome=&#8221;fa fa-exclamation-triangle&#8221;]Unfortunately, the Norddeutsche Oboentage 2022 have been cancelled. All information for 2023 will be available soon![\/vc_message][vc_custom_heading text=&#8221;Teachers&#8221; google_fonts=&#8221;font_family:Raleway%3A100%2C200%2C300%2Cregular%2C500%2C600%2C700%2C800%2C900|font_style:500%20bold%20regular%3A500%3Anormal&#8221;][vc_column_text]The organization is happy to invite the following renowned teachers:[\/vc_column_text][vc_accordion active_tab=&#8221;false&#8221; collapsible=&#8221;yes&#8221;][vc_accordion_tab title=&#8221;Prof. C\u00e9line Moinet&#8221;][vc_row_inner][vc_column_inner width=&#8221;2\/3&#8243;][vc_column_text]For the past ten years, C\u00e9line Moinet has been one of the most exceptional performing artists on her instrument. The young oboist\u2019s concerts bring both audiences and critics alike to rapturous applause.<\/p>\n<p>C\u00e9line Moinet is in demand as a soloist with all the major orchestras in the world. She has played at the Salzburg Easter Festival under Christoph Eschenbach, with the Staatskapelle Dresden, at the Pacific Music Festival under Fabio Luisi and with the New Japan Philharmonic Orchestra in Suntory Hall. She also regularly tours solo with the Dresden Kapellsolisten and the Kammerorchester Basel.<\/p>\n<p>C\u00e9line Moinet was born in Lille, France in 1984 and completed her studies with highest honours at the Conservatoire National Sup\u00e9rieur de Musique under the tutelage of David Walter and Maurice Bourgue. She continued her artistic training with the Gustav Mahler Jugendorchester and the orchestra of the National Theater Mannheim. At just 23 years of age, C\u00e9line Moinet won the prestigious position of solo oboist at the Staatskapelle Dresden. Since then, she has performed with conductors such as Christian Thielemann, Zubin Mehta, Claudio Abbado and Andris Nelsons. She is also a regular guest of orchestras such as the Vienna Philharmonic and the London Symphony Orchestra.<\/p>\n<p>C\u00e9line Moinet is signed with harmonia mundi as an exclusive artist. Her CDs, with works for solo oboe and chamber music with oboe and harp, have been praised by the critics and have achieved outstanding sales for the French, German and British record industries. As a result, C\u00e9line Moinet was invited by renowned TV Network Arte and Rolando Villaz\u00f3n to appear on the show \u201cStars of Tomorrow\u201d.<\/p>\n<p>Since 2013, C\u00e9line Moinet has had a chair at the Carl Maria von Weber College of Music and she conducts master courses in France, Germany and Japan.<\/p>\n<p>She plays oboe and cor anglais exclusively from Marigaux, Paris.[\/vc_column_text][\/vc_column_inner][vc_column_inner width=&#8221;1\/3&#8243;][vc_single_image image=&#8221;11457&#8243; img_size=&#8221;full&#8221; alignment=&#8221;right&#8221; style=&#8221;vc_box_rounded&#8221;][\/vc_column_inner][\/vc_row_inner][\/vc_accordion_tab][vc_accordion_tab title=&#8221;Prof. Christian Schmitt&#8221;][vc_row_inner][vc_column_inner width=&#8221;2\/3&#8243;][vc_column_text]Christian Schmitt studied at the Conservatoire National Sup\u00e9rieur de Musique in Lyon \u00a0and at the Musikhochschule Karlsruhe where he won top prizes. Then he improved his skill with renowned masters such as Thomas Inderm\u00fchle, Maurice Bourgue, Paul Dombrecht and Heinz Holliger. In 1992 he was awarded first prize in music from the F\u00f6rdergemeinschaft in Freiburg (European Cultural Foundation). During 20 years he performed as oboe soloist in Sinfonieorchester Basel and left it in 2012 to devote himself to the Stuttgart Musikhochschule\u2019s class where he was appointed Professor in 2008, succeeding Prof. Ingo Goritzki.<\/p>\n<p>He is as the cutting age of contemporary creation for the oboe and several pieces have been written for him by different composers as the French Vincent Paulet and Laurent Riou, the Italians Jacopo Baboni Schilingi and Nicola Sani, the Germans Hans Tutschku and Dirk Michael Kirsch\u2026 which were created in recent years at the Maison de Radio-France Paris, Birmingham Concert Hall, Istituzione Universitaria dei concerti di Roma, Academia Chigiana Siena\u2026 He has performed as a soloist under the baton of famous conductors such as Nello Santi, Armin Jordan, Marcello Viotti, Heinz Holliger, Walter Weller\u2026 \u00a0A collaboration with the pianist Alessandra gentile in 2018 resulted in the production of on CD\u00a0dedicated to Jewish composers of the 20<sup>th<\/sup> century with original pieces for oboe and piano. He recorded also for the Schweitzer Radio DRS, Radio Suisse Romande, Radio-France France Musique the S\u00fcdwestrundfunk and the Bayrischer Rundfunk\u2026<\/p>\n<p>Christian Schmitt is invited for many recitals and master-classes in Europe (Germany, Spain, Italy, England, Romania, Portugal, Russia, Czech Republic, Swiss\u2026.) and also by universities in North America (Columbia-New York, Austin-Texas), South Korea (Seoul), China (Beijing, Shangha\u00ef, Hong Kong), Japan (Tokyo), Argentina (Buenos Aires)\u2026 He served as jury for the Muri Competition in Switzerland, and for the prestigious ARD Oboe Competition in Munich.[\/vc_column_text][\/vc_column_inner][vc_column_inner width=&#8221;1\/3&#8243;][vc_single_image image=&#8221;11453&#8243; img_size=&#8221;full&#8221; alignment=&#8221;right&#8221; style=&#8221;vc_box_rounded&#8221;][\/vc_column_inner][\/vc_row_inner][\/vc_accordion_tab][vc_accordion_tab title=&#8221;Prof. Gregor Witt&#8221;][vc_row_inner][vc_column_inner width=&#8221;2\/3&#8243;][vc_column_text]Gregor Witt, Principal oboist with the Staatskapelle Berlin and Professor for oboe and chamber music at the \u201cHochschule f\u00fcr Musik und Theater\u201d in Rostock, is one of Germany\u2019s most sought after musicians.<\/p>\n<p>After graduating from the Hochschule fuer Musik \u201cHanns Eisler\u201d in 1989, where Mr. Witt studied with Professor Gerd Albrecht Kleinfeld, he became associate principal with Mecklenburgische Staatskapelle Schwerin.\u00a0 In 1990 he accepted the position as first principal oboist at the Komische Oper Berlin.\u00a0 Three years later, in 1993, Daniel Barenboim invited him to join the Staatskapelle and Staatsoper Berlin in the same capacity.<\/p>\n<p>Gregor Witt has forged numerous musical bonds with chamber ensembles and and solosist, including the Wind Quintet of the Staatskapelle Berlin, Berlin Wind Soloists and he partners with musicians such as Daniel Barenboim, David Geringas, Julia Fischer, Klaus Thunemann, Marie Luise Neunecker.<\/p>\n<p>Musical travels as a soloist, teacher and conductor have taken him to many of Europe\u2019s great musical centers, Japan, the Americas and Isreal. \u00a0\u00a0He has been heard as guest principal oboe with many of the great European orchestras, including the Berlin Philharmonic Orchestra, the Saechsische Staatskapelle Dresden, the Munich Philharmonic Orchestra, the North German Radio Symphony Orchestra, the Radios Symphony Orchestra of Berlin and the German Symphony Orchestra.\u00a0 At the invitation of Gidon Kremer, Mr. Witt and the Wind Quintet of the Staatskapelle Berlin performed at the International Chamber Music Festival in Lockenhaus and he was a guest at the Jerusalem Chamber Music Festival in Jerusalem and New York.<\/p>\n<p>Gregor Witt is a passionate and dedicated teacher.\u00a0 He has been teaching since1993, first at the Universiteat der Kuenste in Berlin and currently at the \u201cHochschule f\u00fcr Musik und Theater\u201d in Rostock.\u00a0 He is in much demand as a teacher.\u00a0 Several of his pupils have won national and international awards.\u00a0 He gives international master classes around the world such as at Juilliard in New York, Scandinavia, Asia and Russia.\u00a0 Together with Daniel Barenboim, he mentored for ten years the Isreali-Arab Youth Orchestra \u201cWest-Eastern Divan\u201d as well as the students of the Orchestra Academy of the Staatskapelle Berlin.<\/p>\n<p>In the last decade, Gregor Witt has also taken to conducting at the Mecklenburg Wind Academy, of which he is a the founder. As a conductor and soloist he worked recently with numerous chamber orchestras and the frequently with the State Orchestra of St. Petersburg. His latest cd \u201cmy oboe\u201d, recorded with the \u201cKammerakademie Potsdam\u201d and Daniel Barenboim as his partner in Robert Schumann`s \u00a0\u201cDrei Romanzen f\u00fcr Oboe und Klavier\u201d got outstanding reviews in Germany and abroad.[\/vc_column_text][\/vc_column_inner][vc_column_inner width=&#8221;1\/3&#8243;][vc_single_image image=&#8221;11464&#8243; img_size=&#8221;full&#8221; alignment=&#8221;right&#8221; style=&#8221;vc_box_rounded&#8221;][\/vc_column_inner][\/vc_row_inner][\/vc_accordion_tab][vc_accordion_tab title=&#8221;Prof. Juri Vallentin&#8221;][vc_row_inner][vc_column_inner width=&#8221;2\/3&#8243;][vc_column_text]Juri Vallentin was appointed professor of oboe at the Karlsruhe Musikhochschule in 2021, succeeding Thomas Inderm\u00fchle. He studied at the Conservatoire national sup\u00e9rieur de musique et de danse de Paris with Jacques Tys and David Walter and at the Hochschule f\u00fcr Musik N\u00fcrnberg with Clara Dent-Boganyi.<\/p>\n<p>Juri is prizewinner of renowned competitions such as the XVI International Tchaikovsky Competition St. Petersburg, International Oboe Competition of Japan, The Muri Competition or the German Music Competition and has performed as soloist with the MDR Symphony Orchestra, the Mariinsky Orchestra St. Petersburg, the Beethoven Orchestra Bonn, the Lower Saxony State Orchestra Hanover, Musikkollegium Winterthur, the Brandenburg State Orchestra Frankfurt and the Munich Chamber Orchestra. In 2021, he won the Berlin Prize for Young Artists curated by VAN magazine for new concert formats by young soloists with his solo performance INNER VOICES.<\/p>\n<p>As a principal oboist, he has played at the Hanover State Opera and as a guest with the Leipzig Gewandhaus Orchestra, Bavarian State Opera, Hamburg State Opera, Bamberg Symphony Orchestra, SWR Symphony Orchestra and the Bayreuth Festival Orchestra. During his studies he was a member of the European Union Youth Orchestra.<\/p>\n<p>His debut album BRIDGES with music from five centuries as well as numerous radio productions for BR, SWR or Deutschlandfunk document his artistic work. In 2022, his second album EBENBILD will be released.[\/vc_column_text][\/vc_column_inner][vc_column_inner width=&#8221;1\/3&#8243;][vc_single_image image=&#8221;11461&#8243; img_size=&#8221;full&#8221; alignment=&#8221;right&#8221; style=&#8221;vc_box_rounded&#8221;][\/vc_column_inner][\/vc_row_inner][\/vc_accordion_tab][vc_accordion_tab title=&#8221;Prof. David Walter&#8221;][vc_row_inner][vc_column_inner width=&#8221;2\/3&#8243;][vc_column_text]Born in Paris in 1958, David Walter has pursued an original career: after obtaining First Prize in oboe and chamber music at the Conservatoire national sup\u00e9rieur de musique de Paris (Paris Conservatoire), he quickly gained recognition outside of France by winning five international prizes one after the other in Ancona, Prague, Munich, Belgrade and Geneva. Despite this impressive record, he did not choose to pursue a solo career and has preferred to focus on chamber music and teaching, which he deems richer in human values. His chamber music activities include first and foremost playing with the Quintette Moragues, of which he is a founding member (1980) : together they have won the Grand Prize of the Nouvelle Acad\u00e9mie du Disque and were nominated for the first Victoires de la Musique Classique. His other partners include S. Richter, C. Zacharias, M. Dalberto, P. Rog\u00e9, A. Plan\u00e8s, G. Nicolic, M.A. Nicolas, C.M. Le Guay, Yuki Nakajima, Nicolas Angelich and the Sine Nomine, Endellion, Manfred and Parisii string quartets. He played as a soloist with the Guildhall String Orchestra, The Sofia Soloists, l\u2019Orchestre d\u2019Auvergne, l\u2019Orchestre de Chambre de Toulouse, The Lituanian Philharmonic, le Filarmonica et l\u2019OSSDRE from Montevideo etc.<br \/>\nDavid Walter was only 29 years old when, owing to his enthusiasm and dedication to teaching, he was appointed the youngest-ever oboe and chamber music professor at the renowned Paris Conservatoire. He has also taught at the Guildhall School of Music and Drama since 1997, and regularly gives numerous masterclasses all over the world.<br \/>\nIn an attempt to enrich the relatively limited oboe repertoire, Mr. Walter has proved himself a tireless and authoritative transcriber: to date he has made more than 230 arrangements, and many of which are now well known. He also encourages new works by young composers such as Gilles Raynal , Gilles Silvestrini or Thierry Escaich, and is himself a composer (18 works to date). David Walter\u2019s experience of group performance has led him naturally to conduct small orchestras and ensembles such as the Bretagne Orchestra, Auvergne Orchestra or the Bourgogne Camerata. Lastly, he also is the artistic director of two collections with the music publisher Billaudot, and contributes also the recently founded Notissimo publishing company. She trains body awareness and coordination so that movement sequences flow through the whole body and pain-free playing becomes natural. Strengthening musical expression and identity as a unique artist on stage is enormously important to her. She prepares highly gifted young people and students for competitions, entrance exams, auditions and concerts.<br \/>\n(Biography taken from www.marigaux.com)[\/vc_column_text][\/vc_column_inner][vc_column_inner width=&#8221;1\/3&#8243;][vc_single_image image=&#8221;10439&#8243; img_size=&#8221;full&#8221; alignment=&#8221;right&#8221; style=&#8221;vc_box_rounded&#8221;][\/vc_column_inner][\/vc_row_inner][\/vc_accordion_tab][vc_accordion_tab title=&#8221;Thamar Wahlberg &#8211; Reed making&#8221;][vc_row_inner][vc_column_inner width=&#8221;2\/3&#8243;][vc_column_text]Thamar Wahlberg is one of the leading producers of oboe reeds in Germany. Her reeds are used by oboists in prestigious orchestras in Germany and abroad, by music students and at music schools. She has also tought the art of reed making at the music academies in Leipzig and Frankfurt. Following her musical training under the supervision of Hans Elhorst, Fabian Menzel and Nick Deutsch, Wahlberg performed as an oboist in Orchestras such as the Budapest Festival Orchestra, HR Sinfonieorchester, Deutsche Radiophilharmonie Saarbr\u00fccken and the Gie\u00dfener Stadttheater. She appeared on various CD recordings and performed in a number of radio and television productions. Thanks to her versatile experiences on the stage, Wahlberg is highly familiar with the oboist\u2019s dependence on top-quality reeds and the considerable pressure deriving from that.[\/vc_column_text][\/vc_column_inner][vc_column_inner width=&#8221;1\/3&#8243;][vc_single_image image=&#8221;11518&#8243; img_size=&#8221;full&#8221; alignment=&#8221;right&#8221; style=&#8221;vc_box_rounded&#8221;][\/vc_column_inner][\/vc_row_inner][\/vc_accordion_tab][vc_accordion_tab title=&#8221;Kimiko Imani &#8211; Piano&#8221;][vc_row_inner][vc_column_inner width=&#8221;2\/3&#8243;][vc_column_text]The Japanese-born pianist, <em>Kimiko Imani<\/em>, made her successful debut as a soloist with the <em>Tokyo Metropolitan Symphony Orchestra<\/em>, performing S. Rachmaninov\u2019s Second Piano Concerto at the <em>Suntory Hall<\/em> (Tokyo).<\/p>\n<p>Alongside solo engagements with renowned orchestras in Japan and Germany, her concert activities also include regular participation in international music festivals and concert series in Europe and Asia (including <em>Tokyo Spring, SONY Music Foundation, El Palau de la M\u00fasica Catalana, F.Poulenc Musikfestival-Pentec\u00f4te en Berry and Festival Ljubljana<\/em>).<\/p>\n<p>Her artistic development was particularly influenced by her studies in Germany at the <em>Hochschule f\u00fcr Musik Detmold<\/em> under the exceptional pianist, <em>Anatol Ugorski.<\/em> Since the completion of her Konzertexamen and various successes at competitions (including the <em>GWK<\/em> Music Prize), her passion and commitment have increasingly also been directed towards chamber music. Especially in the woodwind scene, she has gained a considerable reputation for herself, resulting in a range of musical projects with world renowned soloists, such as <em>Emanuel Abb\u00fchl, Sergio Azzolini, Maurice Bourgue, Albrecht Mayer, Ivan Podyomov, Guilhaume Santana<\/em>.<\/p>\n<p>She also performs with the internationally successful violinist, <em>Keiko Urushihara<\/em>, and with the string soloists of significant orchestras.<\/p>\n<p>A continuous, intensive collaboration connects her with the bassoonist, <em>Sergio Azzolini<\/em>, and the oboist, <em>Maurice Bourgue<\/em>. Since 2011, they have come together to form the <em>Maurice Bourgue Trio<\/em>, an outstanding ensemble that can be heard in numerous international concert halls and has just released its first CD on <em>Sony Classical<\/em> with piano trios by <em>J.Haydn, W.F.Bach and C.P.E.Bach<\/em>.<\/p>\n<p>In 2017, the interest awakened by this in the stylistic refinement of the early classical to romantic repertoire on historical instruments prompted Kimiko Imani to commence corresponding studies in fortepiano with <em>Edoardo Torbianelli<\/em> at the <em>Schola Cantorum Basiliensis<\/em>.<\/p>\n<p>Further CD productions in various chamber music formations were made for <em>GWK-Records<\/em>, <em>CAvi-Music <\/em>and <em>Deutschlandradio Kultur<\/em>.<\/p>\n<p><em>Kimiko Imani<\/em> currently teaches at the <em>Universit\u00e4t der K\u00fcnste Berlin<\/em> und der <em>Hochschule f\u00fcr Musik Hanns Eisler Berlin<\/em>.[\/vc_column_text][\/vc_column_inner][vc_column_inner width=&#8221;1\/3&#8243;][vc_single_image image=&#8221;11466&#8243; img_size=&#8221;full&#8221; alignment=&#8221;right&#8221; style=&#8221;vc_box_rounded&#8221;][\/vc_column_inner][\/vc_row_inner][\/vc_accordion_tab][vc_accordion_tab title=&#8221;Stephanie Lichtme\u00df&#8221;][vc_row_inner][vc_column_inner width=&#8221;2\/3&#8243;][vc_column_text]Stephanie is a trained mental coach for musicians, specialized in mental training, stage presence, and Alexander Technique.<\/p>\n<p>She teaches how to become aware of your body so that motions can flow through its entirety, and the painless playing of a musical instrument becomes a normality.<\/p>\n<p>While doing so, it is important to her to increase musical expression and to bring out the identity of each individual musician on stage. She prepares highly\u00a0gifted youth\u00a0and students for competitions, entrance examinations, auditions, and concerts.<\/p>\n<p>Stephanie also trains herself mentally to embrace tasks, such as running marathons, or crossing the Alps with her racing cycle.[\/vc_column_text][\/vc_column_inner][vc_column_inner width=&#8221;1\/3&#8243;][vc_single_image image=&#8221;11483&#8243; img_size=&#8221;full&#8221; alignment=&#8221;right&#8221; style=&#8221;vc_box_rounded&#8221;][\/vc_column_inner][\/vc_row_inner][\/vc_accordion_tab][\/vc_accordion][\/vc_column][\/vc_row]<\/p>\n<\/div>","protected":false},"excerpt":{"rendered":"<p>[vc_row][vc_column][vc_widget_sidebar sidebar_id=&#8221;eye-oboe-top&#8221;][\/vc_column][\/vc_row][vc_row][vc_column width=&#8221;1\/4&#8243;][vc_widget_sidebar sidebar_id=&#8221;eye-oboe-side&#8221;][\/vc_column][vc_column width=&#8221;3\/4&#8243;][vc_message color=&#8221;warning&#8221; message_box_color=&#8221;warning&#8221; icon_fontawesome=&#8221;fa fa-exclamation-triangle&#8221;]Unfortunately, the Norddeutsche Oboentage 2022 have been cancelled. All information for 2023 will be available soon![\/vc_message][vc_custom_heading text=&#8221;Teachers&#8221; google_fonts=&#8221;font_family:Raleway%3A100%2C200%2C300%2Cregular%2C500%2C600%2C700%2C800%2C900|font_style:500%20bold%20regular%3A500%3Anormal&#8221;][vc_column_text]The organization is happy to invite the following renowned teachers:[\/vc_column_text][vc_accordion active_tab=&#8221;false&#8221; collapsible=&#8221;yes&#8221;][vc_accordion_tab title=&#8221;Prof. C\u00e9line Moinet&#8221;][vc_row_inner][vc_column_inner width=&#8221;2\/3&#8243;][vc_column_text]For the past ten years, C\u00e9line Moinet has been one of the most exceptional performing&hellip;<\/p>\n","protected":false},"author":1,"featured_media":0,"parent":10056,"menu_order":0,"comment_status":"closed","ping_status":"closed","template":"","meta":{"footnotes":""},"class_list":["post-10433","page","type-page","status-publish","hentry"],"_links":{"self":[{"href":"https:\/\/www.germanmasterclasses.com\/en\/wp-json\/wp\/v2\/pages\/10433","targetHints":{"allow":["GET"]}}],"collection":[{"href":"https:\/\/www.germanmasterclasses.com\/en\/wp-json\/wp\/v2\/pages"}],"about":[{"href":"https:\/\/www.germanmasterclasses.com\/en\/wp-json\/wp\/v2\/types\/page"}],"author":[{"embeddable":true,"href":"https:\/\/www.germanmasterclasses.com\/en\/wp-json\/wp\/v2\/users\/1"}],"replies":[{"embeddable":true,"href":"https:\/\/www.germanmasterclasses.com\/en\/wp-json\/wp\/v2\/comments?post=10433"}],"version-history":[{"count":24,"href":"https:\/\/www.germanmasterclasses.com\/en\/wp-json\/wp\/v2\/pages\/10433\/revisions"}],"predecessor-version":[{"id":11608,"href":"https:\/\/www.germanmasterclasses.com\/en\/wp-json\/wp\/v2\/pages\/10433\/revisions\/11608"}],"up":[{"embeddable":true,"href":"https:\/\/www.germanmasterclasses.com\/en\/wp-json\/wp\/v2\/pages\/10056"}],"wp:attachment":[{"href":"https:\/\/www.germanmasterclasses.com\/en\/wp-json\/wp\/v2\/media?parent=10433"}],"curies":[{"name":"wp","href":"https:\/\/api.w.org\/{rel}","templated":true}]}}